{"id":37897,"date":"2024-01-24T12:30:39","date_gmt":"2024-01-24T11:30:39","guid":{"rendered":"https:\/\/www.ferraroporte.com\/prodotto\/volet-roulant-rapide\/"},"modified":"2024-02-10T10:42:22","modified_gmt":"2024-02-10T09:42:22","slug":"volet-roulant-rapide","status":"publish","type":"product","link":"https:\/\/www.ferraroporte.com\/fr\/prodotto\/volet-roulant-rapide\/","title":{"rendered":"VOLET ROULANT RAPIDE"},"content":{"rendered":"<p>LE VOLET INDUSTRIEL \u00c0 ENROULEMENT RAPIDE, AVEC BANDE D&rsquo;ACIER ISOL\u00c9E, A \u00c9T\u00c9 CON\u00c7U ET PRODUIT POUR R\u00c9PONDRE AU BESOIN DU MARCH\u00c9 D&rsquo;UN PRODUIT PR\u00c9SENTANT DE MULTIPLES AVANTAGES :<\/p>\n<ol>\n<li>UNICA CHIUSURA CHE SOSTITUISCE IL BINOMIO SERRANDA NORMALE + <a href=\"https:\/\/www.ferraroporte.com\/en\/categoria-prodotto\/porte-rapide\/\">PORTE RAPIDE<\/a><\/li>\n<li>VITESSE JUSQU&rsquo;\u00c0 2 m\/s<\/li>\n<li>EFFICACIT\u00c9 \u00c9NERG\u00c9TIQUE<\/li>\n<li>AVANTAGE TECHNOLOGIQUE<\/li>\n<li>PERFORMANCE \u00c9CONOMIQUE<\/li>\n<\/ol>\n<p>&nbsp;<\/p>\n<h4>\u00c9TAG\u00c8RE COULISSANTE<\/h4>\n<p>Syst\u00e8me d&rsquo;\u00e9tag\u00e8res coulissantes qui permettent le mouvement transversal du rev\u00eatement.<\/p>\n","protected":false},"excerpt":{"rendered":"<p>La plus grande innovation apport\u00e9e par le volet est l&rsquo;enroulement rapide pour r\u00e9duire les temps d&rsquo;ouverture et de fermeture, ce qui permet de maintenir les performances thermiques et d&rsquo;am\u00e9liorer la fluidit\u00e9 du v\u00e9hicule. Des moteurs inverseurs ont \u00e9t\u00e9 utilis\u00e9s, qui permettent de r\u00e9guler diff\u00e9remment la vitesse en mont\u00e9e et en descente, \u00e0 l&rsquo;aide de rampes d&rsquo;acc\u00e9l\u00e9ration et de d\u00e9c\u00e9l\u00e9ration.<\/p>\n<p>&nbsp;<\/p>\n<p>[vc_row row_type=\u00a0\u00bbrow\u00a0\u00bb type=\u00a0\u00bbfull_width\u00a0\u00bb text_align=\u00a0\u00bbcenter\u00a0\u00bb css_animation=\u00a0\u00bb\u00a0\u00bb][vc_column][q_button type=\"normal_button\" size=\"small\" target=\"_self\" text=\"T\u00c9L\u00c9CHARGER LA BROCHURE\" link=\"https:\/\/www.ferraroporte.com\/wp-content\/uploads\/2024\/01\/Brochure-DOMINUS-serranda-VELOCE-rev-1-2024.pdf\"][\/vc_column][\/vc_row]<\/p>\n<p>&nbsp;<\/p>\n<p>[vc_row row_type=\u00a0\u00bbrow\u00a0\u00bb type=\u00a0\u00bbfull_width\u00a0\u00bb text_align=\u00a0\u00bbcenter\u00a0\u00bb css_animation=\u00a0\u00bb\u00a0\u00bb][vc_column][q_button type=\"normal_button\" size=\"small\" target=\"_self\" text=\"&lt; RETOUR AUX VOLETS INDUSTRIELS\" link=\"https:\/\/www.ferraroporte.com\/prodotti-time\/serrande-industriali\/\"][\/vc_column][\/vc_row]<\/p>\n","protected":false},"featured_media":23995,"template":"","meta":[],"product_brand":[],"product_cat":[539],"product_tag":[],"class_list":{"0":"post-37897","1":"product","2":"type-product","3":"status-publish","4":"has-post-thumbnail","6":"product_cat-serrande","8":"first","9":"instock","10":"taxable","11":"shipping-taxable","12":"product-type-grouped"},"yoast_head":"<!-- This site is optimized with the Yoast SEO plugin v27.5 - https:\/\/yoast.com\/product\/yoast-seo-wordpress\/ -->\n<title>VOLET ROULANT RAPIDE - Ferraro<\/title>\n<meta name=\"description\" content=\"LE VOLET RAPIDE INDUSTRIEL \u00c0 ROULEMENT RAPIDE, AVEC BANDE D&#039;ACIER ISOL\u00c9E, A \u00c9T\u00c9 CON\u00c7U ET PRODUIT POUR R\u00c9PONDRE AUX EXIGENCES DU MARCH\u00c9\" \/>\n<meta name=\"robots\" content=\"index, follow, max-snippet:-1, max-image-preview:large, max-video-preview:-1\" \/>\n<link rel=\"canonical\" href=\"https:\/\/www.ferraroporte.com\/fr\/prodotto\/volet-roulant-rapide\/\" \/>\n<meta property=\"og:locale\" content=\"fr_FR\" \/>\n<meta property=\"og:type\" content=\"article\" \/>\n<meta property=\"og:title\" content=\"VOLET ROULANT RAPIDE - Ferraro\" \/>\n<meta property=\"og:description\" content=\"LE VOLET RAPIDE INDUSTRIEL \u00c0 ROULEMENT RAPIDE, AVEC BANDE D&#039;ACIER ISOL\u00c9E, A \u00c9T\u00c9 CON\u00c7U ET PRODUIT POUR R\u00c9PONDRE AUX EXIGENCES DU MARCH\u00c9\" \/>\n<meta property=\"og:url\" content=\"https:\/\/www.ferraroporte.com\/fr\/prodotto\/volet-roulant-rapide\/\" \/>\n<meta property=\"og:site_name\" content=\"Ferraro\" \/>\n<meta property=\"article:publisher\" content=\"https:\/\/www.facebook.com\/ferrarosrl\/\" \/>\n<meta property=\"article:modified_time\" content=\"2024-02-10T09:42:22+00:00\" \/>\n<meta property=\"og:image\" content=\"https:\/\/www.ferraroporte.com\/wp-content\/uploads\/2022\/03\/31.jpg\" \/>\n\t<meta property=\"og:image:width\" content=\"400\" \/>\n\t<meta property=\"og:image:height\" content=\"400\" \/>\n\t<meta property=\"og:image:type\" content=\"image\/jpeg\" \/>\n<meta name=\"twitter:card\" content=\"summary_large_image\" \/>\n<meta name=\"twitter:label1\" content=\"Dur\u00e9e de lecture estim\u00e9e\" \/>\n\t<meta name=\"twitter:data1\" content=\"1 minute\" \/>\n<script type=\"application\/ld+json\" class=\"yoast-schema-graph\">{\"@context\":\"https:\\\/\\\/schema.org\",\"@graph\":[{\"@type\":\"WebPage\",\"@id\":\"https:\\\/\\\/www.ferraroporte.com\\\/fr\\\/prodotto\\\/volet-roulant-rapide\\\/\",\"url\":\"https:\\\/\\\/www.ferraroporte.com\\\/fr\\\/prodotto\\\/volet-roulant-rapide\\\/\",\"name\":\"VOLET ROULANT RAPIDE - Ferraro\",\"isPartOf\":{\"@id\":\"https:\\\/\\\/www.ferraroporte.com\\\/#website\"},\"primaryImageOfPage\":{\"@id\":\"https:\\\/\\\/www.ferraroporte.com\\\/fr\\\/prodotto\\\/volet-roulant-rapide\\\/#primaryimage\"},\"image\":{\"@id\":\"https:\\\/\\\/www.ferraroporte.com\\\/fr\\\/prodotto\\\/volet-roulant-rapide\\\/#primaryimage\"},\"thumbnailUrl\":\"https:\\\/\\\/www.ferraroporte.com\\\/wp-content\\\/uploads\\\/2022\\\/03\\\/31.jpg\",\"datePublished\":\"2024-01-24T11:30:39+00:00\",\"dateModified\":\"2024-02-10T09:42:22+00:00\",\"description\":\"LE VOLET RAPIDE INDUSTRIEL \u00c0 ROULEMENT RAPIDE, AVEC BANDE D'ACIER ISOL\u00c9E, A \u00c9T\u00c9 CON\u00c7U ET PRODUIT POUR R\u00c9PONDRE AUX EXIGENCES DU MARCH\u00c9\",\"breadcrumb\":{\"@id\":\"https:\\\/\\\/www.ferraroporte.com\\\/fr\\\/prodotto\\\/volet-roulant-rapide\\\/#breadcrumb\"},\"inLanguage\":\"fr-FR\",\"potentialAction\":[{\"@type\":\"ReadAction\",\"target\":[\"https:\\\/\\\/www.ferraroporte.com\\\/fr\\\/prodotto\\\/volet-roulant-rapide\\\/\"]}]},{\"@type\":\"ImageObject\",\"inLanguage\":\"fr-FR\",\"@id\":\"https:\\\/\\\/www.ferraroporte.com\\\/fr\\\/prodotto\\\/volet-roulant-rapide\\\/#primaryimage\",\"url\":\"https:\\\/\\\/www.ferraroporte.com\\\/wp-content\\\/uploads\\\/2022\\\/03\\\/31.jpg\",\"contentUrl\":\"https:\\\/\\\/www.ferraroporte.com\\\/wp-content\\\/uploads\\\/2022\\\/03\\\/31.jpg\",\"width\":400,\"height\":400,\"caption\":\"serranda veloce\"},{\"@type\":\"BreadcrumbList\",\"@id\":\"https:\\\/\\\/www.ferraroporte.com\\\/fr\\\/prodotto\\\/volet-roulant-rapide\\\/#breadcrumb\",\"itemListElement\":[{\"@type\":\"ListItem\",\"position\":1,\"name\":\"Home\",\"item\":\"https:\\\/\\\/www.ferraroporte.com\\\/en\\\/\"},{\"@type\":\"ListItem\",\"position\":2,\"name\":\"Negozio\",\"item\":\"https:\\\/\\\/www.ferraroporte.com\\\/negozio\\\/\"},{\"@type\":\"ListItem\",\"position\":3,\"name\":\"VOLET ROULANT RAPIDE\"}]},{\"@type\":\"WebSite\",\"@id\":\"https:\\\/\\\/www.ferraroporte.com\\\/#website\",\"url\":\"https:\\\/\\\/www.ferraroporte.com\\\/\",\"name\":\"Ferraro\",\"description\":\"Una porta sul futuro\",\"potentialAction\":[{\"@type\":\"SearchAction\",\"target\":{\"@type\":\"EntryPoint\",\"urlTemplate\":\"https:\\\/\\\/www.ferraroporte.com\\\/?s={search_term_string}\"},\"query-input\":{\"@type\":\"PropertyValueSpecification\",\"valueRequired\":true,\"valueName\":\"search_term_string\"}}],\"inLanguage\":\"fr-FR\"}]}<\/script>\n<!-- \/ Yoast SEO plugin. -->","yoast_head_json":{"title":"VOLET ROULANT RAPIDE - Ferraro","description":"LE VOLET RAPIDE INDUSTRIEL \u00c0 ROULEMENT RAPIDE, AVEC BANDE D'ACIER ISOL\u00c9E, A \u00c9T\u00c9 CON\u00c7U ET PRODUIT POUR R\u00c9PONDRE AUX EXIGENCES DU MARCH\u00c9","robots":{"index":"index","follow":"follow","max-snippet":"max-snippet:-1","max-image-preview":"max-image-preview:large","max-video-preview":"max-video-preview:-1"},"canonical":"https:\/\/www.ferraroporte.com\/fr\/prodotto\/volet-roulant-rapide\/","og_locale":"fr_FR","og_type":"article","og_title":"VOLET ROULANT RAPIDE - Ferraro","og_description":"LE VOLET RAPIDE INDUSTRIEL \u00c0 ROULEMENT RAPIDE, AVEC BANDE D'ACIER ISOL\u00c9E, A \u00c9T\u00c9 CON\u00c7U ET PRODUIT POUR R\u00c9PONDRE AUX EXIGENCES DU MARCH\u00c9","og_url":"https:\/\/www.ferraroporte.com\/fr\/prodotto\/volet-roulant-rapide\/","og_site_name":"Ferraro","article_publisher":"https:\/\/www.facebook.com\/ferrarosrl\/","article_modified_time":"2024-02-10T09:42:22+00:00","og_image":[{"width":400,"height":400,"url":"https:\/\/www.ferraroporte.com\/wp-content\/uploads\/2022\/03\/31.jpg","type":"image\/jpeg"}],"twitter_card":"summary_large_image","twitter_misc":{"Dur\u00e9e de lecture estim\u00e9e":"1 minute"},"schema":{"@context":"https:\/\/schema.org","@graph":[{"@type":"WebPage","@id":"https:\/\/www.ferraroporte.com\/fr\/prodotto\/volet-roulant-rapide\/","url":"https:\/\/www.ferraroporte.com\/fr\/prodotto\/volet-roulant-rapide\/","name":"VOLET ROULANT RAPIDE - Ferraro","isPartOf":{"@id":"https:\/\/www.ferraroporte.com\/#website"},"primaryImageOfPage":{"@id":"https:\/\/www.ferraroporte.com\/fr\/prodotto\/volet-roulant-rapide\/#primaryimage"},"image":{"@id":"https:\/\/www.ferraroporte.com\/fr\/prodotto\/volet-roulant-rapide\/#primaryimage"},"thumbnailUrl":"https:\/\/www.ferraroporte.com\/wp-content\/uploads\/2022\/03\/31.jpg","datePublished":"2024-01-24T11:30:39+00:00","dateModified":"2024-02-10T09:42:22+00:00","description":"LE VOLET RAPIDE INDUSTRIEL \u00c0 ROULEMENT RAPIDE, AVEC BANDE D'ACIER ISOL\u00c9E, A \u00c9T\u00c9 CON\u00c7U ET PRODUIT POUR R\u00c9PONDRE AUX EXIGENCES DU MARCH\u00c9","breadcrumb":{"@id":"https:\/\/www.ferraroporte.com\/fr\/prodotto\/volet-roulant-rapide\/#breadcrumb"},"inLanguage":"fr-FR","potentialAction":[{"@type":"ReadAction","target":["https:\/\/www.ferraroporte.com\/fr\/prodotto\/volet-roulant-rapide\/"]}]},{"@type":"ImageObject","inLanguage":"fr-FR","@id":"https:\/\/www.ferraroporte.com\/fr\/prodotto\/volet-roulant-rapide\/#primaryimage","url":"https:\/\/www.ferraroporte.com\/wp-content\/uploads\/2022\/03\/31.jpg","contentUrl":"https:\/\/www.ferraroporte.com\/wp-content\/uploads\/2022\/03\/31.jpg","width":400,"height":400,"caption":"serranda veloce"},{"@type":"BreadcrumbList","@id":"https:\/\/www.ferraroporte.com\/fr\/prodotto\/volet-roulant-rapide\/#breadcrumb","itemListElement":[{"@type":"ListItem","position":1,"name":"Home","item":"https:\/\/www.ferraroporte.com\/en\/"},{"@type":"ListItem","position":2,"name":"Negozio","item":"https:\/\/www.ferraroporte.com\/negozio\/"},{"@type":"ListItem","position":3,"name":"VOLET ROULANT RAPIDE"}]},{"@type":"WebSite","@id":"https:\/\/www.ferraroporte.com\/#website","url":"https:\/\/www.ferraroporte.com\/","name":"Ferraro","description":"Una porta sul futuro","potentialAction":[{"@type":"SearchAction","target":{"@type":"EntryPoint","urlTemplate":"https:\/\/www.ferraroporte.com\/?s={search_term_string}"},"query-input":{"@type":"PropertyValueSpecification","valueRequired":true,"valueName":"search_term_string"}}],"inLanguage":"fr-FR"}]}},"_links":{"self":[{"href":"https:\/\/www.ferraroporte.com\/fr\/wp-json\/wp\/v2\/product\/37897","targetHints":{"allow":["GET"]}}],"collection":[{"href":"https:\/\/www.ferraroporte.com\/fr\/wp-json\/wp\/v2\/product"}],"about":[{"href":"https:\/\/www.ferraroporte.com\/fr\/wp-json\/wp\/v2\/types\/product"}],"wp:featuredmedia":[{"embeddable":true,"href":"https:\/\/www.ferraroporte.com\/fr\/wp-json\/wp\/v2\/media\/23995"}],"wp:attachment":[{"href":"https:\/\/www.ferraroporte.com\/fr\/wp-json\/wp\/v2\/media?parent=37897"}],"wp:term":[{"taxonomy":"product_brand","embeddable":true,"href":"https:\/\/www.ferraroporte.com\/fr\/wp-json\/wp\/v2\/product_brand?post=37897"},{"taxonomy":"product_cat","embeddable":true,"href":"https:\/\/www.ferraroporte.com\/fr\/wp-json\/wp\/v2\/product_cat?post=37897"},{"taxonomy":"product_tag","embeddable":true,"href":"https:\/\/www.ferraroporte.com\/fr\/wp-json\/wp\/v2\/product_tag?post=37897"}],"curies":[{"name":"wp","href":"https:\/\/api.w.org\/{rel}","templated":true}]}}