{"id":28745,"date":"2022-06-01T18:39:03","date_gmt":"2022-06-01T16:39:03","guid":{"rendered":"https:\/\/ferraroporte.wpengine.com\/contacts\/"},"modified":"2024-09-20T08:56:04","modified_gmt":"2024-09-20T06:56:04","slug":"contacts","status":"publish","type":"page","link":"https:\/\/www.ferraroporte.com\/fr\/contacts\/","title":{"rendered":"Contacts"},"content":{"rendered":"<div class=\"wpb-content-wrapper\"><p>[vc_row row_type=\u00a0\u00bbrow\u00a0\u00bb type=\u00a0\u00bbgrid\u00a0\u00bb text_align=\u00a0\u00bbleft\u00a0\u00bb padding_bottom=\u00a0\u00bb60&Prime; css_animation=\u00a0\u00bb\u00a0\u00bb][vc_column width=\u00a0\u00bb1\/2&Prime;][vc_row_inner row_type=\u00a0\u00bbrow\u00a0\u00bb type=\u00a0\u00bbgrid\u00a0\u00bb text_align=\u00a0\u00bbleft\u00a0\u00bb css_animation=\u00a0\u00bb\u00a0\u00bb][vc_column_inner width=\u00a0\u00bb1\/2&Prime;][vc_gmaps link=\u00a0\u00bb#E-8_JTNDaWZyYW1lJTIwc3JjJTNEJTIyaHR0cHMlM0ElMkYlMkZ3d3cuZ29vZ2xlLmNvbSUyRm1hcHMlMkZlbWJlZCUzRnBiJTNEJTIxMW0xOCUyMTFtMTIlMjExbTMlMjExZDMwMDIuMTA2MzEwNjYyNjQyJTIxMmQxNS4xMzY1NjIzMzU5NjgwMTclMjEzZDQxLjE5NzY1NTc3NzA2MjY4NSUyMTJtMyUyMTFmMCUyMTJmMCUyMTNmMCUyMTNtMiUyMTFpMTAyNCUyMTJpNzY4JTIxNGYxMy4xJTIxM20zJTIxMW0yJTIxMXMweDAlMjUzQTB4ZmRlMDhkYmQwNjA2MDU5ZiUyMTJzRmVycmFybyUyNTIwR3JvdXAlMjUyMFNSTCUyMTVlMCUyMTNtMiUyMTFzZW4lMjEyc3VzJTIxNHYxNjYwMTE2MzQ4Mzg2JTIxNW0yJTIxMXNlbiUyMTJzdXMlMjIlMjB3aWR0aCUzRCUyMjE5MjAlMjIlMjBoZWlnaHQlM0QlMjI1NTAlMjIlMjBzdHlsZSUzRCUyMmJvcmRlciUzQTAlM0IlMjIlMjBhbGxvd2Z1bGxzY3JlZW4lM0QlMjIlMjIlMjBsb2FkaW5nJTNEJTIybGF6eSUyMiUyMHJlZmVycmVycG9saWN5JTNEJTIybm8tcmVmZXJyZXItd2hlbi1kb3duZ3JhZGUlMjIlM0UlM0MlMkZpZnJhbWUlM0U=\u00a0\u00bb][vc_separator type=\u00a0\u00bbtransparent\u00a0\u00bb up=\u00a0\u00bb45&Prime; down=\u00a0\u00bb0&Prime;][vc_column_text]<\/p>\n<h5><span style=\"color: #000000;\">SI\u00c8GE DE PRODUCTION<\/span><\/h5>\n<p> Un entrep\u00f4t industriel moderne et bien \u00e9quip\u00e9, avec bureaux attenants et hall d&rsquo;exposition[\/vc_column_text][vc_separator type=\u00a0\u00bbtransparent\u00a0\u00bb up=\u00a0\u00bb45&Prime; down=\u00a0\u00bb0&Prime;]<div class='q_icon_with_title  normal_icon left_from_title'><div class=\"icon_text_holder\" style=\"\"><div class=\"icon_text_inner\" style=\"\"><div class=\"icon_title_holder\"><div class=\"icon_holder \" style=\" \"><span class=\"q_font_elegant_holder icon_with_text_class normal \" style=\"font-size: 20px;\" data-hover-color=#000000 ><span class=\"q_font_elegant_icon icon_pin_alt\" aria-hidden=\"true\"><\/span><\/span><\/div><h4 class=\"icon_title\" style=\"color: #000000\">S.S. 90 DELLE PUGLIE KM 33 C.DA CAMPOREALE ZONA P.I.P. 83031 ARIANO IRPINO - AV - ITALIA<\/h4><\/div><p style=''><\/p><\/div><\/div><\/div><div class='q_icon_with_title  normal_icon left_from_title'><div class=\"icon_text_holder\" style=\"\"><div class=\"icon_text_inner\" style=\"\"><div class=\"icon_title_holder\"><div class=\"icon_holder \" style=\" \"><span class=\"q_font_elegant_holder icon_with_text_class normal \" style=\"font-size: 20px;\" data-hover-color=#000000 ><span class=\"q_font_elegant_icon icon_phone\" aria-hidden=\"true\"><\/span><\/span><\/div><h4 class=\"icon_title\" style=\"color: #000000\">(+39) 0825 881321<\/h4><\/div><p style=''><\/p><\/div><\/div><\/div><div class='q_icon_with_title tiny normal_icon left_from_title'><div class=\"icon_text_holder\" style=\"\"><div class=\"icon_text_inner\" style=\"\"><div class=\"icon_title_holder\"><div class=\"icon_holder \" style=\" \"><span style=\"\" class=\"q_font_awsome_icon icon_with_text_class fa-lg \" data-hover-color=#000000 ><i class=\"fa fa-fax\"><\/i><\/span><\/div><h4 class=\"icon_title\" style=\"color: #000000\">(+39) 0825 881638<\/h4><\/div><p style=''><\/p><\/div><\/div><\/div><div class='q_icon_with_title  normal_icon left_from_title'><div class=\"icon_text_holder\" style=\"\"><div class=\"icon_text_inner\" style=\"\"><div class=\"icon_title_holder\"><div class=\"icon_holder \" style=\" \"><span class=\"q_font_elegant_holder icon_with_text_class normal \" style=\"font-size: 20px;\" data-hover-color=#000000 ><span class=\"q_font_elegant_icon icon_mail_alt\" aria-hidden=\"true\"><\/span><\/span><\/div><h4 class=\"icon_title\" style=\"color: #000000\">info@ferraroporte.com<\/h4><\/div><p style=''><\/p><\/div><\/div><\/div><div class='q_icon_with_title  normal_icon left_from_title'><div class=\"icon_text_holder\" style=\"\"><div class=\"icon_text_inner\" style=\"\"><div class=\"icon_title_holder\"><div class=\"icon_holder \" style=\" \"><span class=\"q_font_elegant_holder icon_with_text_class normal \" style=\"font-size: 20px;\" data-hover-color=#000000 ><span class=\"q_font_elegant_icon icon_clock_alt\" aria-hidden=\"true\"><\/span><\/span><\/div><h4 class=\"icon_title\" style=\"color: #000000\">ORARI<\/h4><\/div><p style=''><\/p><a class='icon_with_title_link' href='https:\/\/maps.app.goo.gl\/YXLMnMHLP17n75p7A' target='_self' style=''>Google Maps<\/a><\/div><\/div><\/div>[\/vc_column_inner][vc_column_inner width=\u00a0\u00bb1\/2&Prime;][\/vc_column_inner][\/vc_row_inner][\/vc_column][vc_column width=\u00a0\u00bb1\/2&Prime;][vc_row_inner row_type=\u00a0\u00bbrow\u00a0\u00bb type=\u00a0\u00bbgrid\u00a0\u00bb text_align=\u00a0\u00bbleft\u00a0\u00bb css_animation=\u00a0\u00bb\u00a0\u00bb][vc_column_inner width=\u00a0\u00bb1\/2&Prime;][vc_gmaps link=\u00a0\u00bb#E-8_JTNDaWZyYW1lJTIwc3JjJTNEJTIyaHR0cHMlM0ElMkYlMkZ3d3cuZ29vZ2xlLmNvbSUyRm1hcHMlMkZlbWJlZCUzRnBiJTNEJTIxMW0xOCUyMTFtMTIlMjExbTMlMjExZDMwMDMuNjk3MzM5MDAzMDczJTIxMmQxNS4wOTE0ODEwMzIxMTIzOTQlMjEzZDQxLjE2Mjk1NTE1MTU5NDUlMjEybTMlMjExZjAlMjEyZjAlMjEzZjAlMjEzbTIlMjExaTEwMjQlMjEyaTc2OCUyMTRmMTMuMSUyMTNtMyUyMTFtMiUyMTFzMHgxMzM5OGJkOTU4NDExOGQ1JTI1M0EweDlmN2MwOTYwZDhlMDg4MDMlMjEyc0ZlcnJhcm8lMjUyMEdyb3VwJTI1MjAtJTI1MjBGZXJyYW1lbnRhJTIxNWUwJTIxM20yJTIxMXNlbiUyMTJzdXMlMjE0djE2NjAxMTgzODc2NDAlMjE1bTIlMjExc2VuJTIxMnN1cyUyMiUyMHdpZHRoJTNEJTIyMTkyMCUyMiUyMGhlaWdodCUzRCUyMjU1MCUyMiUyMHN0eWxlJTNEJTIyYm9yZGVyJTNBMCUzQiUyMiUyMGFsbG93ZnVsbHNjcmVlbiUzRCUyMiUyMiUyMGxvYWRpbmclM0QlMjJsYXp5JTIyJTIwcmVmZXJyZXJwb2xpY3klM0QlMjJuby1yZWZlcnJlci13aGVuLWRvd25ncmFkZSUyMiUzRSUzQyUyRmlmcmFtZSUzRQ==\u00a0\u00bb][vc_separator type=\u00a0\u00bbtransparent\u00a0\u00bb up=\u00a0\u00bb45&Prime; down=\u00a0\u00bb0&Prime;][vc_column_text]<\/p>\n<h5><span style=\"color: #000000;\">FILIALE<\/span><\/h5>\n<div id=\"gtx-trans\" style=\"position: absolute; left: -254px; top: -5.6px;\">\n<div class=\"gtx-trans-icon\"><\/div>\n<\/div>\n<p>[\/vc_column_text][vc_separator type=\u00a0\u00bbtransparent\u00a0\u00bb up=\u00a0\u00bb45&Prime; down=\u00a0\u00bb0&Prime;]<div class='q_icon_with_title  normal_icon left_from_title'><div class=\"icon_text_holder\" style=\"\"><div class=\"icon_text_inner\" style=\"\"><div class=\"icon_title_holder\"><div class=\"icon_holder \" style=\" \"><span class=\"q_font_elegant_holder icon_with_text_class normal \" style=\"font-size: 20px;\" data-hover-color=#000000 ><span class=\"q_font_elegant_icon icon_pin_alt\" aria-hidden=\"true\"><\/span><\/span><\/div><h4 class=\"icon_title\" style=\"color: #000000\">VIA S. ANTONIO, SNC - 83031 ARIANO IRPINO - AV - ITALIA<\/h4><\/div><p style=''><\/p><\/div><\/div><\/div><div class='q_icon_with_title  normal_icon left_from_title'><div class=\"icon_text_holder\" style=\"\"><div class=\"icon_text_inner\" style=\"\"><div class=\"icon_title_holder\"><div class=\"icon_holder \" style=\" \"><span class=\"q_font_elegant_holder icon_with_text_class normal \" style=\"font-size: 20px;\" data-hover-color=#000000 ><span class=\"q_font_elegant_icon icon_phone\" aria-hidden=\"true\"><\/span><\/span><\/div><h4 class=\"icon_title\" style=\"color: #000000\">(+39) 0825 824137<\/h4><\/div><p style=''><\/p><\/div><\/div><\/div><div class='q_icon_with_title tiny normal_icon left_from_title'><div class=\"icon_text_holder\" style=\"\"><div class=\"icon_text_inner\" style=\"\"><div class=\"icon_title_holder\"><div class=\"icon_holder \" style=\" \"><span style=\"\" class=\"q_font_awsome_icon icon_with_text_class fa-lg \" data-hover-color=#000000 ><i class=\"fa fa-fax\"><\/i><\/span><\/div><h4 class=\"icon_title\" style=\"color: #000000\">(+39) 0825 881638<\/h4><\/div><p style=''><\/p><\/div><\/div><\/div><div class='q_icon_with_title  normal_icon left_from_title'><div class=\"icon_text_holder\" style=\"\"><div class=\"icon_text_inner\" style=\"\"><div class=\"icon_title_holder\"><div class=\"icon_holder \" style=\" \"><span class=\"q_font_elegant_holder icon_with_text_class normal \" style=\"font-size: 20px;\" data-hover-color=#000000 ><span class=\"q_font_elegant_icon icon_mail_alt\" aria-hidden=\"true\"><\/span><\/span><\/div><h4 class=\"icon_title\" style=\"color: #000000\">info@ferraroporte.com<\/h4><\/div><p style=''><\/p><\/div><\/div><\/div><div class='q_icon_with_title  normal_icon left_from_title'><div class=\"icon_text_holder\" style=\"\"><div class=\"icon_text_inner\" style=\"\"><div class=\"icon_title_holder\"><div class=\"icon_holder \" style=\" \"><span class=\"q_font_elegant_holder icon_with_text_class normal \" style=\"font-size: 20px;\" data-hover-color=#000000 ><span class=\"q_font_elegant_icon icon_clock_alt\" aria-hidden=\"true\"><\/span><\/span><\/div><h4 class=\"icon_title\" style=\"color: #000000\">ORARI<\/h4><\/div><p style=''><\/p><a class='icon_with_title_link' href='https:\/\/maps.app.goo.gl\/V9fxV4dD4WAvCsWWA' target='_self' style=''>Google Maps<\/a><\/div><\/div><\/div>[\/vc_column_inner][vc_column_inner width=\u00a0\u00bb1\/2&Prime;][\/vc_column_inner][\/vc_row_inner][\/vc_column][\/vc_row][vc_row row_type=\u00a0\u00bbrow\u00a0\u00bb type=\u00a0\u00bbgrid\u00a0\u00bb text_align=\u00a0\u00bbleft\u00a0\u00bb padding_bottom=\u00a0\u00bb60&Prime; css_animation=\u00a0\u00bb\u00a0\u00bb][vc_column][vc_column_text]<\/p>\n<h5><span style=\"color: #000000;\">CONTATTACI:<\/span><\/h5>\n<p>[\/vc_column_text][vc_separator type=\u00a0\u00bbtransparent\u00a0\u00bb up=\u00a0\u00bb20&Prime; down=\u00a0\u00bb0&Prime;]\n<div class=\"wpcf7 no-js\" id=\"wpcf7-f22752-o1\" lang=\"it-IT\" dir=\"ltr\" data-wpcf7-id=\"22752\">\n<div class=\"screen-reader-response\"><p role=\"status\" aria-live=\"polite\" aria-atomic=\"true\"><\/p> <ul><\/ul><\/div>\n<form action=\"\/fr\/wp-json\/wp\/v2\/pages\/28745#wpcf7-f22752-o1\" method=\"post\" class=\"wpcf7-form init\" aria-label=\"Modulo di contatto\" enctype=\"multipart\/form-data\" novalidate=\"novalidate\" data-status=\"init\">\n<fieldset class=\"hidden-fields-container\"><input type=\"hidden\" name=\"_wpcf7\" value=\"22752\" \/><input type=\"hidden\" name=\"_wpcf7_version\" value=\"6.1.5\" \/><input type=\"hidden\" name=\"_wpcf7_locale\" value=\"it_IT\" \/><input type=\"hidden\" name=\"_wpcf7_unit_tag\" value=\"wpcf7-f22752-o1\" \/><input type=\"hidden\" name=\"_wpcf7_container_post\" value=\"0\" \/><input type=\"hidden\" name=\"_wpcf7_posted_data_hash\" value=\"\" \/><input type=\"hidden\" name=\"_wpcf7_recaptcha_response\" value=\"\" \/>\n<\/fieldset>\n<div class=\"wpb_column vc_column_container vc_col-sm-6\" style=\"padding-right:10px\">\n\t<p><span class=\"wpcf7-form-control-wrap\" data-name=\"your-name\"><input size=\"40\" maxlength=\"400\" class=\"wpcf7-form-control wpcf7-text wpcf7-validates-as-required\" aria-required=\"true\" aria-invalid=\"false\" placeholder=\"Nome*\" value=\"\" type=\"text\" name=\"your-name\" \/><\/span>\n\t<\/p>\n<\/div>\n<div class=\"wpb_column vc_column_container vc_col-sm-6\" style=\"padding-right:10px\">\n\t<p><span class=\"wpcf7-form-control-wrap\" data-name=\"cognome\"><input size=\"40\" maxlength=\"400\" class=\"wpcf7-form-control wpcf7-text wpcf7-validates-as-required\" aria-required=\"true\" aria-invalid=\"false\" placeholder=\"Cognome*\" value=\"\" type=\"text\" name=\"cognome\" \/><\/span>\n\t<\/p>\n<\/div>\n<div class=\"wpb_column vc_column_container vc_col-sm-6\" style=\"padding-right:10px\">\n\t<p><span class=\"wpcf7-form-control-wrap\" data-name=\"ragionesociale\"><input size=\"40\" maxlength=\"400\" class=\"wpcf7-form-control wpcf7-text\" aria-invalid=\"false\" placeholder=\"Ragione Sociale\" value=\"\" type=\"text\" name=\"ragionesociale\" \/><\/span>\n\t<\/p>\n<\/div>\n<div class=\"wpb_column vc_column_container vc_col-sm-6\" style=\"padding-right:10px\">\n\t<p><span class=\"wpcf7-form-control-wrap\" data-name=\"url-139\"><input size=\"40\" maxlength=\"400\" class=\"wpcf7-form-control wpcf7-url wpcf7-text wpcf7-validates-as-url\" aria-invalid=\"false\" placeholder=\"Sito Web\" value=\"\" type=\"url\" name=\"url-139\" \/><\/span>\n\t<\/p>\n<\/div>\n<div class=\"wpb_column vc_column_container vc_col-sm-6\" style=\"padding-right:10px\">\n\t<p><span class=\"wpcf7-form-control-wrap\" data-name=\"telefono\"><input size=\"40\" maxlength=\"400\" class=\"wpcf7-form-control wpcf7-tel wpcf7-validates-as-required wpcf7-text wpcf7-validates-as-tel\" aria-required=\"true\" aria-invalid=\"false\" placeholder=\"Telefono*\" value=\"\" type=\"tel\" name=\"telefono\" \/><\/span>\n\t<\/p>\n<\/div>\n<div class=\"wpb_column vc_column_container vc_col-sm-6\" style=\"padding-right:10px\">\n\t<p><span class=\"wpcf7-form-control-wrap\" data-name=\"email-967\"><input size=\"40\" maxlength=\"400\" class=\"wpcf7-form-control wpcf7-email wpcf7-validates-as-required wpcf7-text wpcf7-validates-as-email\" aria-required=\"true\" aria-invalid=\"false\" placeholder=\"E-mail*\" value=\"\" type=\"email\" name=\"email-967\" \/><\/span>\n\t<\/p>\n<\/div>\n<div class=\"wpb_column vc_column_container vc_col-sm-12\" style=\"padding-right:10px\">\n\t<p><span class=\"wpcf7-form-control-wrap\" data-name=\"Indirizzo\"><input size=\"40\" maxlength=\"400\" class=\"wpcf7-form-control wpcf7-text\" aria-invalid=\"false\" placeholder=\"Indirizzo\" value=\"\" type=\"text\" name=\"Indirizzo\" \/><\/span>\n\t<\/p>\n<\/div>\n<div class=\"wpb_column vc_column_container vc_col-sm-6\" style=\"padding-right:10px\">\n\t<p><span class=\"wpcf7-form-control-wrap\" data-name=\"paesecitt\"><input size=\"40\" maxlength=\"400\" class=\"wpcf7-form-control wpcf7-text wpcf7-validates-as-required\" aria-required=\"true\" aria-invalid=\"false\" placeholder=\"Paese\/Citt\u00e0*\" value=\"\" type=\"text\" name=\"paesecitt\" \/><\/span>\n\t<\/p>\n<\/div>\n<div class=\"wpb_column vc_column_container vc_col-sm-3\" style=\"padding-right:10px\">\n\t<p><span class=\"wpcf7-form-control-wrap\" data-name=\"cap\"><input size=\"40\" maxlength=\"400\" class=\"wpcf7-form-control wpcf7-text wpcf7-validates-as-required\" aria-required=\"true\" aria-invalid=\"false\" placeholder=\"CAP*\" value=\"\" type=\"text\" name=\"cap\" \/><\/span>\n\t<\/p>\n<\/div>\n<div class=\"wpb_column vc_column_container vc_col-sm-3\" style=\"padding-right:10px\">\n\t<p><span class=\"wpcf7-form-control-wrap\" data-name=\"provincia\"><input size=\"40\" maxlength=\"400\" class=\"wpcf7-form-control wpcf7-text wpcf7-validates-as-required\" aria-required=\"true\" aria-invalid=\"false\" placeholder=\"Provincia*\" value=\"\" type=\"text\" name=\"provincia\" \/><\/span>\n\t<\/p>\n<\/div>\n<div class=\"wpb_column vc_column_container vc_col-sm-12\" style=\"padding-right:10px\">\n\t<p>Allegato (formato *.JPEG, max 15 MB)\n\t<\/p>\n\t<p><span class=\"wpcf7-form-control-wrap\" data-name=\"Allegato\"><input size=\"40\" class=\"wpcf7-form-control wpcf7-file\" accept=\"audio\/*,video\/*,image\/*\" aria-invalid=\"false\" type=\"file\" name=\"Allegato\" \/><\/span>\n\t<\/p>\n\t<div class=\"wpb_column vc_column_container vc_col-sm-12\" style=\"padding-right:10px\">\n\t\t<p><span class=\"wpcf7-form-control-wrap\" data-name=\"your-message\"><textarea cols=\"40\" rows=\"10\" maxlength=\"2000\" class=\"wpcf7-form-control wpcf7-textarea\" aria-invalid=\"false\" placeholder=\"Messaggio\" name=\"your-message\"><\/textarea><\/span>\n\t\t<\/p>\n\t<\/div>\n\t<div class=\"wpb_column vc_column_container vc_col-sm-6\" style=\"padding-right:10px\">\n\t\t<p><span class=\"wpcf7-form-control-wrap\" data-name=\"acceptance-104\"><span class=\"wpcf7-form-control wpcf7-acceptance\"><span class=\"wpcf7-list-item\"><label><input type=\"checkbox\" name=\"acceptance-104\" value=\"1\" aria-invalid=\"false\" \/><span class=\"wpcf7-list-item-label\">Dichiaro di aver letto e di accettare le Condizioni sulla Privacy Policy*<\/span><\/label><\/span><\/span><\/span>\n\t\t<\/p>\n\t<\/div>\n\t<div class=\"wpb_column vc_column_container vc_col-sm-12\" style=\"padding-right:10px\">\n\t\t<p><input class=\"wpcf7-form-control wpcf7-submit has-spinner\" type=\"submit\" value=\"Invia Messaggio\" \/><a href=\"https:\/\/www.ferraroporte.com\/privacy-policy\/\" target=\"_self\" class=\"qbutton transparent_button center link-privacy\" style=\"\"><span>Privacy<\/span><\/a>\n\t\t<\/p>\n\t<\/div>\n<\/div><p style=\"display: none !important;\" class=\"akismet-fields-container\" data-prefix=\"_wpcf7_ak_\"><label>&#916;<textarea name=\"_wpcf7_ak_hp_textarea\" cols=\"45\" rows=\"8\" maxlength=\"100\"><\/textarea><\/label><input type=\"hidden\" id=\"ak_js_1\" name=\"_wpcf7_ak_js\" value=\"22\"\/><script>document.getElementById( \"ak_js_1\" ).setAttribute( \"value\", ( new Date() ).getTime() );<\/script><\/p><div class=\"wpcf7-response-output\" aria-hidden=\"true\"><\/div>\n<\/form>\n<\/div>\n[\/vc_column][\/vc_row]<\/p>\n<\/div>","protected":false},"excerpt":{"rendered":"<p>[vc_row row_type=\u00a0\u00bbrow\u00a0\u00bb type=\u00a0\u00bbgrid\u00a0\u00bb text_align=\u00a0\u00bbleft\u00a0\u00bb padding_bottom=\u00a0\u00bb60&Prime; css_animation=\u00a0\u00bb\u00a0\u00bb][vc_column width=\u00a0\u00bb1\/2&Prime;][vc_row_inner row_type=\u00a0\u00bbrow\u00a0\u00bb type=\u00a0\u00bbgrid\u00a0\u00bb text_align=\u00a0\u00bbleft\u00a0\u00bb css_animation=\u00a0\u00bb\u00a0\u00bb][vc_column_inner width=\u00a0\u00bb1\/2&Prime;][vc_gmaps link=\u00a0\u00bb#E-8_JTNDaWZyYW1lJTIwc3JjJTNEJTIyaHR0cHMlM0ElMkYlMkZ3d3cuZ29vZ2xlLmNvbSUyRm1hcHMlMkZlbWJlZCUzRnBiJTNEJTIxMW0xOCUyMTFtMTIlMjExbTMlMjExZDMwMDIuMTA2MzEwNjYyNjQyJTIxMmQxNS4xMzY1NjIzMzU5NjgwMTclMjEzZDQxLjE5NzY1NTc3NzA2MjY4NSUyMTJtMyUyMTFmMCUyMTJmMCUyMTNmMCUyMTNtMiUyMTFpMTAyNCUyMTJpNzY4JTIxNGYxMy4xJTIxM20zJTIxMW0yJTIxMXMweDAlMjUzQTB4ZmRlMDhkYmQwNjA2MDU5ZiUyMTJzRmVycmFybyUyNTIwR3JvdXAlMjUyMFNSTCUyMTVlMCUyMTNtMiUyMTFzZW4lMjEyc3VzJTIxNHYxNjYwMTE2MzQ4Mzg2JTIxNW0yJTIxMXNlbiUyMTJzdXMlMjIlMjB3aWR0aCUzRCUyMjE5MjAlMjIlMjBoZWlnaHQlM0QlMjI1NTAlMjIlMjBzdHlsZSUzRCUyMmJvcmRlciUzQTAlM0IlMjIlMjBhbGxvd2Z1bGxzY3JlZW4lM0QlMjIlMjIlMjBsb2FkaW5nJTNEJTIybGF6eSUyMiUyMHJlZmVycmVycG9saWN5JTNEJTIybm8tcmVmZXJyZXItd2hlbi1kb3duZ3JhZGUlMjIlM0UlM0MlMkZpZnJhbWUlM0U=\u00a0\u00bb][vc_separator type=\u00a0\u00bbtransparent\u00a0\u00bb up=\u00a0\u00bb45&Prime; down=\u00a0\u00bb0&Prime;][vc_column_text] SI\u00c8GE DE&#8230;<\/p>\n","protected":false},"author":1,"featured_media":0,"parent":0,"menu_order":0,"comment_status":"closed","ping_status":"closed","template":"full_width.php","meta":{"footnotes":""},"class_list":["post-28745","page","type-page","status-publish","hentry"],"yoast_head":"<!-- This site is optimized with the Yoast SEO plugin v27.4 - https:\/\/yoast.com\/product\/yoast-seo-wordpress\/ -->\n<title>Contacts - Ferraro<\/title>\n<meta name=\"description\" content=\"contacts Ferraro\" \/>\n<meta name=\"robots\" content=\"index, follow, max-snippet:-1, max-image-preview:large, max-video-preview:-1\" \/>\n<link rel=\"canonical\" href=\"https:\/\/www.ferraroporte.com\/fr\/contacts\/\" \/>\n<meta property=\"og:locale\" content=\"fr_FR\" \/>\n<meta property=\"og:type\" content=\"article\" \/>\n<meta property=\"og:title\" content=\"Contacts - Ferraro\" \/>\n<meta property=\"og:description\" content=\"contacts Ferraro\" \/>\n<meta property=\"og:url\" content=\"https:\/\/www.ferraroporte.com\/fr\/contacts\/\" \/>\n<meta property=\"og:site_name\" content=\"Ferraro\" \/>\n<meta property=\"article:publisher\" content=\"https:\/\/www.facebook.com\/ferrarosrl\/\" \/>\n<meta property=\"article:modified_time\" content=\"2024-09-20T06:56:04+00:00\" \/>\n<meta name=\"twitter:card\" content=\"summary_large_image\" \/>\n<meta name=\"twitter:label1\" content=\"Dur\u00e9e de lecture estim\u00e9e\" \/>\n\t<meta name=\"twitter:data1\" content=\"2 minutes\" \/>\n<script type=\"application\/ld+json\" class=\"yoast-schema-graph\">{\"@context\":\"https:\\\/\\\/schema.org\",\"@graph\":[{\"@type\":\"WebPage\",\"@id\":\"https:\\\/\\\/www.ferraroporte.com\\\/fr\\\/contacts\\\/\",\"url\":\"https:\\\/\\\/www.ferraroporte.com\\\/fr\\\/contacts\\\/\",\"name\":\"Contacts - Ferraro\",\"isPartOf\":{\"@id\":\"https:\\\/\\\/www.ferraroporte.com\\\/#website\"},\"datePublished\":\"2022-06-01T16:39:03+00:00\",\"dateModified\":\"2024-09-20T06:56:04+00:00\",\"description\":\"contacts Ferraro\",\"breadcrumb\":{\"@id\":\"https:\\\/\\\/www.ferraroporte.com\\\/fr\\\/contacts\\\/#breadcrumb\"},\"inLanguage\":\"fr-FR\",\"potentialAction\":[{\"@type\":\"ReadAction\",\"target\":[\"https:\\\/\\\/www.ferraroporte.com\\\/fr\\\/contacts\\\/\"]}]},{\"@type\":\"BreadcrumbList\",\"@id\":\"https:\\\/\\\/www.ferraroporte.com\\\/fr\\\/contacts\\\/#breadcrumb\",\"itemListElement\":[{\"@type\":\"ListItem\",\"position\":1,\"name\":\"Home\",\"item\":\"https:\\\/\\\/www.ferraroporte.com\\\/en\\\/\"},{\"@type\":\"ListItem\",\"position\":2,\"name\":\"Contacts\"}]},{\"@type\":\"WebSite\",\"@id\":\"https:\\\/\\\/www.ferraroporte.com\\\/#website\",\"url\":\"https:\\\/\\\/www.ferraroporte.com\\\/\",\"name\":\"Ferraro\",\"description\":\"Una porta sul futuro\",\"potentialAction\":[{\"@type\":\"SearchAction\",\"target\":{\"@type\":\"EntryPoint\",\"urlTemplate\":\"https:\\\/\\\/www.ferraroporte.com\\\/?s={search_term_string}\"},\"query-input\":{\"@type\":\"PropertyValueSpecification\",\"valueRequired\":true,\"valueName\":\"search_term_string\"}}],\"inLanguage\":\"fr-FR\"}]}<\/script>\n<!-- \/ Yoast SEO plugin. -->","yoast_head_json":{"title":"Contacts - Ferraro","description":"contacts Ferraro","robots":{"index":"index","follow":"follow","max-snippet":"max-snippet:-1","max-image-preview":"max-image-preview:large","max-video-preview":"max-video-preview:-1"},"canonical":"https:\/\/www.ferraroporte.com\/fr\/contacts\/","og_locale":"fr_FR","og_type":"article","og_title":"Contacts - Ferraro","og_description":"contacts Ferraro","og_url":"https:\/\/www.ferraroporte.com\/fr\/contacts\/","og_site_name":"Ferraro","article_publisher":"https:\/\/www.facebook.com\/ferrarosrl\/","article_modified_time":"2024-09-20T06:56:04+00:00","twitter_card":"summary_large_image","twitter_misc":{"Dur\u00e9e de lecture estim\u00e9e":"2 minutes"},"schema":{"@context":"https:\/\/schema.org","@graph":[{"@type":"WebPage","@id":"https:\/\/www.ferraroporte.com\/fr\/contacts\/","url":"https:\/\/www.ferraroporte.com\/fr\/contacts\/","name":"Contacts - Ferraro","isPartOf":{"@id":"https:\/\/www.ferraroporte.com\/#website"},"datePublished":"2022-06-01T16:39:03+00:00","dateModified":"2024-09-20T06:56:04+00:00","description":"contacts Ferraro","breadcrumb":{"@id":"https:\/\/www.ferraroporte.com\/fr\/contacts\/#breadcrumb"},"inLanguage":"fr-FR","potentialAction":[{"@type":"ReadAction","target":["https:\/\/www.ferraroporte.com\/fr\/contacts\/"]}]},{"@type":"BreadcrumbList","@id":"https:\/\/www.ferraroporte.com\/fr\/contacts\/#breadcrumb","itemListElement":[{"@type":"ListItem","position":1,"name":"Home","item":"https:\/\/www.ferraroporte.com\/en\/"},{"@type":"ListItem","position":2,"name":"Contacts"}]},{"@type":"WebSite","@id":"https:\/\/www.ferraroporte.com\/#website","url":"https:\/\/www.ferraroporte.com\/","name":"Ferraro","description":"Una porta sul futuro","potentialAction":[{"@type":"SearchAction","target":{"@type":"EntryPoint","urlTemplate":"https:\/\/www.ferraroporte.com\/?s={search_term_string}"},"query-input":{"@type":"PropertyValueSpecification","valueRequired":true,"valueName":"search_term_string"}}],"inLanguage":"fr-FR"}]}},"featured_image_src":null,"featured_image_src_square":null,"_links":{"self":[{"href":"https:\/\/www.ferraroporte.com\/fr\/wp-json\/wp\/v2\/pages\/28745","targetHints":{"allow":["GET"]}}],"collection":[{"href":"https:\/\/www.ferraroporte.com\/fr\/wp-json\/wp\/v2\/pages"}],"about":[{"href":"https:\/\/www.ferraroporte.com\/fr\/wp-json\/wp\/v2\/types\/page"}],"author":[{"embeddable":true,"href":"https:\/\/www.ferraroporte.com\/fr\/wp-json\/wp\/v2\/users\/1"}],"replies":[{"embeddable":true,"href":"https:\/\/www.ferraroporte.com\/fr\/wp-json\/wp\/v2\/comments?post=28745"}],"version-history":[{"count":0,"href":"https:\/\/www.ferraroporte.com\/fr\/wp-json\/wp\/v2\/pages\/28745\/revisions"}],"wp:attachment":[{"href":"https:\/\/www.ferraroporte.com\/fr\/wp-json\/wp\/v2\/media?parent=28745"}],"curies":[{"name":"wp","href":"https:\/\/api.w.org\/{rel}","templated":true}]}}