{"id":38358,"date":"2024-01-24T12:30:39","date_gmt":"2024-01-24T11:30:39","guid":{"rendered":"https:\/\/www.ferraroporte.com\/prodotto\/schneller-ausloeser\/"},"modified":"2024-01-24T12:30:39","modified_gmt":"2024-01-24T11:30:39","slug":"schneller-ausloeser","status":"publish","type":"product","link":"https:\/\/www.ferraroporte.com\/de\/prodotto\/schneller-ausloeser\/","title":{"rendered":"SCHNELLER AUSL\u00d6SER"},"content":{"rendered":"<p>DER SCHNELLLAUFENDE INDUSTRIELADEN MIT ISOLIERTEM STAHLBAND WURDE ENTWICKELT UND HERGESTELLT, UM DEM MARKTBED\u00dcRFNIS NACH EINEM PRODUKT ZU REAGIEREN, DAS MEHRERE VORTEILE BIETET:<\/p>\n<ol>\n<li>EINZELVERSCHLUSS, DER DIE KOMBINATION AUS NORMALER LADELADEN + <a href=\"https:\/\/www.ferraroporte.com\/en\/categoria-prodotto\/porte-rapide\/\">SCHNELLT\u00dcR ERSETZT<\/a><\/li>\n<li>GESCHWINDIGKEIT BIS ZU 2 m\/s<\/li>\n<li>ENERGIEEFFIZIENZ<\/li>\n<li>TECHNOLOGISCHER VORTEIL<\/li>\n<li>DIE \u00d6KONOMISCHE LEISTUNG<\/li>\n<\/ol>\n<p>&nbsp;<\/p>\n<h4>SCHIEBENDES REGAL<\/h4>\n<p>Verschiebbares Regalsystem, das die Querbewegung des Belags erm\u00f6glicht.<\/p>\n","protected":false},"excerpt":{"rendered":"<p>Die gr\u00f6\u00dfte Innovation des Verschlusses ist das schnelle Aufziehen, um die \u00d6ffnungs- und Schlie\u00dfzeiten zu verk\u00fcrzen, wodurch die thermische Leistung aufrechterhalten und der Fahrzeugfluss verbessert werden kann. Zum Einsatz kamen Invertermotoren, die eine unterschiedliche Geschwindigkeitsregelung beim Auf- und Abstieg \u00fcber Beschleunigungs- und Verz\u00f6gerungsrampen erm\u00f6glichen. \u200b<\/p>\n<p>&nbsp;<\/p>\n<p>[vc_row row_type=&#8220;row&#8220; type=&#8220;full_width&#8220; text_align=&#8220;center&#8220; css_animation=&#8220;&#8220;][vc_column][q_button type=\"normal_button\" size=\"small\" target=\"_self\" text=\"BROSCH\u00dcRE HERUNTERLADEN\" link=\"https:\/\/www.ferraroporte.com\/wp-content\/uploads\/2024\/01\/Brochure-DOMINUS-serranda-VELOCE-rev-1-2024.pdf\"][\/vc_column][\/vc_row]   [vc_row row_type=&#8220;row&#8220; type=&#8220;full_width&#8220; text_align=&#8220;center&#8220; css_animation=&#8220;&#8220;][vc_column][q_button type=\"normal_button\" size=\"small\" target=\"_self\" text=\"&lt; ZUR\u00dcCK ZU INDUSTRIEL\u00c4DEN\" link=\"https:\/\/www.ferraroporte.com\/prodotti-time\/serrande-industriali\/\"][\/vc_column][\/vc_row]<\/p>\n","protected":false},"featured_media":30586,"template":"","meta":[],"product_brand":[],"product_cat":[541],"product_tag":[],"class_list":{"0":"post-38358","1":"product","2":"type-product","3":"status-publish","4":"has-post-thumbnail","6":"product_cat-serrande","8":"first","9":"instock","10":"taxable","11":"shipping-taxable","12":"product-type-grouped"},"yoast_head":"<!-- This site is optimized with the Yoast SEO plugin v27.5 - https:\/\/yoast.com\/product\/yoast-seo-wordpress\/ -->\n<title>SCHNELLER AUSL\u00d6SER - Ferraro<\/title>\n<meta name=\"description\" content=\"DER SCHNELLLAUFENDE INDUSTRIELLE SCHNELLLADEN MIT SFDAC-BAND WURDE ENTWICKELT UND HERGESTELLT, UM AUF DIE ANFORDERUNGEN DES MARKTES ZU REAGIEREN\" \/>\n<meta name=\"robots\" content=\"index, follow, max-snippet:-1, max-image-preview:large, max-video-preview:-1\" \/>\n<link rel=\"canonical\" href=\"https:\/\/www.ferraroporte.com\/de\/prodotto\/schneller-ausloeser\/\" \/>\n<meta property=\"og:locale\" content=\"de_DE\" \/>\n<meta property=\"og:type\" content=\"article\" \/>\n<meta property=\"og:title\" content=\"SCHNELLER AUSL\u00d6SER - Ferraro\" \/>\n<meta property=\"og:description\" content=\"DER SCHNELLLAUFENDE INDUSTRIELLE SCHNELLLADEN MIT SFDAC-BAND WURDE ENTWICKELT UND HERGESTELLT, UM AUF DIE ANFORDERUNGEN DES MARKTES ZU REAGIEREN\" \/>\n<meta property=\"og:url\" content=\"https:\/\/www.ferraroporte.com\/de\/prodotto\/schneller-ausloeser\/\" \/>\n<meta property=\"og:site_name\" content=\"Ferraro\" \/>\n<meta property=\"article:publisher\" content=\"https:\/\/www.facebook.com\/ferrarosrl\/\" \/>\n<meta property=\"og:image\" content=\"https:\/\/www.ferraroporte.com\/wp-content\/uploads\/2022\/03\/31.jpg\" \/>\n\t<meta property=\"og:image:width\" content=\"400\" \/>\n\t<meta property=\"og:image:height\" content=\"400\" \/>\n\t<meta property=\"og:image:type\" content=\"image\/jpeg\" \/>\n<meta name=\"twitter:card\" content=\"summary_large_image\" \/>\n<script type=\"application\/ld+json\" class=\"yoast-schema-graph\">{\"@context\":\"https:\\\/\\\/schema.org\",\"@graph\":[{\"@type\":\"WebPage\",\"@id\":\"https:\\\/\\\/www.ferraroporte.com\\\/de\\\/prodotto\\\/schneller-ausloeser\\\/\",\"url\":\"https:\\\/\\\/www.ferraroporte.com\\\/de\\\/prodotto\\\/schneller-ausloeser\\\/\",\"name\":\"SCHNELLER AUSL\u00d6SER - Ferraro\",\"isPartOf\":{\"@id\":\"https:\\\/\\\/www.ferraroporte.com\\\/#website\"},\"primaryImageOfPage\":{\"@id\":\"https:\\\/\\\/www.ferraroporte.com\\\/de\\\/prodotto\\\/schneller-ausloeser\\\/#primaryimage\"},\"image\":{\"@id\":\"https:\\\/\\\/www.ferraroporte.com\\\/de\\\/prodotto\\\/schneller-ausloeser\\\/#primaryimage\"},\"thumbnailUrl\":\"https:\\\/\\\/www.ferraroporte.com\\\/wp-content\\\/uploads\\\/2022\\\/03\\\/31.jpg\",\"datePublished\":\"2024-01-24T11:30:39+00:00\",\"description\":\"DER SCHNELLLAUFENDE INDUSTRIELLE SCHNELLLADEN MIT SFDAC-BAND WURDE ENTWICKELT UND HERGESTELLT, UM AUF DIE ANFORDERUNGEN DES MARKTES ZU REAGIEREN\",\"breadcrumb\":{\"@id\":\"https:\\\/\\\/www.ferraroporte.com\\\/de\\\/prodotto\\\/schneller-ausloeser\\\/#breadcrumb\"},\"inLanguage\":\"de-DE\",\"potentialAction\":[{\"@type\":\"ReadAction\",\"target\":[\"https:\\\/\\\/www.ferraroporte.com\\\/de\\\/prodotto\\\/schneller-ausloeser\\\/\"]}]},{\"@type\":\"ImageObject\",\"inLanguage\":\"de-DE\",\"@id\":\"https:\\\/\\\/www.ferraroporte.com\\\/de\\\/prodotto\\\/schneller-ausloeser\\\/#primaryimage\",\"url\":\"https:\\\/\\\/www.ferraroporte.com\\\/wp-content\\\/uploads\\\/2022\\\/03\\\/31.jpg\",\"contentUrl\":\"https:\\\/\\\/www.ferraroporte.com\\\/wp-content\\\/uploads\\\/2022\\\/03\\\/31.jpg\",\"width\":400,\"height\":400,\"caption\":\"serranda veloce\"},{\"@type\":\"BreadcrumbList\",\"@id\":\"https:\\\/\\\/www.ferraroporte.com\\\/de\\\/prodotto\\\/schneller-ausloeser\\\/#breadcrumb\",\"itemListElement\":[{\"@type\":\"ListItem\",\"position\":1,\"name\":\"Home\",\"item\":\"https:\\\/\\\/www.ferraroporte.com\\\/\"},{\"@type\":\"ListItem\",\"position\":2,\"name\":\"Negozio\",\"item\":\"https:\\\/\\\/www.ferraroporte.com\\\/negozio\\\/\"},{\"@type\":\"ListItem\",\"position\":3,\"name\":\"SCHNELLER AUSL\u00d6SER\"}]},{\"@type\":\"WebSite\",\"@id\":\"https:\\\/\\\/www.ferraroporte.com\\\/#website\",\"url\":\"https:\\\/\\\/www.ferraroporte.com\\\/\",\"name\":\"Ferraro\",\"description\":\"Una porta sul futuro\",\"potentialAction\":[{\"@type\":\"SearchAction\",\"target\":{\"@type\":\"EntryPoint\",\"urlTemplate\":\"https:\\\/\\\/www.ferraroporte.com\\\/?s={search_term_string}\"},\"query-input\":{\"@type\":\"PropertyValueSpecification\",\"valueRequired\":true,\"valueName\":\"search_term_string\"}}],\"inLanguage\":\"de-DE\"}]}<\/script>\n<!-- \/ Yoast SEO plugin. -->","yoast_head_json":{"title":"SCHNELLER AUSL\u00d6SER - Ferraro","description":"DER SCHNELLLAUFENDE INDUSTRIELLE SCHNELLLADEN MIT SFDAC-BAND WURDE ENTWICKELT UND HERGESTELLT, UM AUF DIE ANFORDERUNGEN DES MARKTES ZU REAGIEREN","robots":{"index":"index","follow":"follow","max-snippet":"max-snippet:-1","max-image-preview":"max-image-preview:large","max-video-preview":"max-video-preview:-1"},"canonical":"https:\/\/www.ferraroporte.com\/de\/prodotto\/schneller-ausloeser\/","og_locale":"de_DE","og_type":"article","og_title":"SCHNELLER AUSL\u00d6SER - Ferraro","og_description":"DER SCHNELLLAUFENDE INDUSTRIELLE SCHNELLLADEN MIT SFDAC-BAND WURDE ENTWICKELT UND HERGESTELLT, UM AUF DIE ANFORDERUNGEN DES MARKTES ZU REAGIEREN","og_url":"https:\/\/www.ferraroporte.com\/de\/prodotto\/schneller-ausloeser\/","og_site_name":"Ferraro","article_publisher":"https:\/\/www.facebook.com\/ferrarosrl\/","og_image":[{"width":400,"height":400,"url":"https:\/\/www.ferraroporte.com\/wp-content\/uploads\/2022\/03\/31.jpg","type":"image\/jpeg"}],"twitter_card":"summary_large_image","schema":{"@context":"https:\/\/schema.org","@graph":[{"@type":"WebPage","@id":"https:\/\/www.ferraroporte.com\/de\/prodotto\/schneller-ausloeser\/","url":"https:\/\/www.ferraroporte.com\/de\/prodotto\/schneller-ausloeser\/","name":"SCHNELLER AUSL\u00d6SER - Ferraro","isPartOf":{"@id":"https:\/\/www.ferraroporte.com\/#website"},"primaryImageOfPage":{"@id":"https:\/\/www.ferraroporte.com\/de\/prodotto\/schneller-ausloeser\/#primaryimage"},"image":{"@id":"https:\/\/www.ferraroporte.com\/de\/prodotto\/schneller-ausloeser\/#primaryimage"},"thumbnailUrl":"https:\/\/www.ferraroporte.com\/wp-content\/uploads\/2022\/03\/31.jpg","datePublished":"2024-01-24T11:30:39+00:00","description":"DER SCHNELLLAUFENDE INDUSTRIELLE SCHNELLLADEN MIT SFDAC-BAND WURDE ENTWICKELT UND HERGESTELLT, UM AUF DIE ANFORDERUNGEN DES MARKTES ZU REAGIEREN","breadcrumb":{"@id":"https:\/\/www.ferraroporte.com\/de\/prodotto\/schneller-ausloeser\/#breadcrumb"},"inLanguage":"de-DE","potentialAction":[{"@type":"ReadAction","target":["https:\/\/www.ferraroporte.com\/de\/prodotto\/schneller-ausloeser\/"]}]},{"@type":"ImageObject","inLanguage":"de-DE","@id":"https:\/\/www.ferraroporte.com\/de\/prodotto\/schneller-ausloeser\/#primaryimage","url":"https:\/\/www.ferraroporte.com\/wp-content\/uploads\/2022\/03\/31.jpg","contentUrl":"https:\/\/www.ferraroporte.com\/wp-content\/uploads\/2022\/03\/31.jpg","width":400,"height":400,"caption":"serranda veloce"},{"@type":"BreadcrumbList","@id":"https:\/\/www.ferraroporte.com\/de\/prodotto\/schneller-ausloeser\/#breadcrumb","itemListElement":[{"@type":"ListItem","position":1,"name":"Home","item":"https:\/\/www.ferraroporte.com\/"},{"@type":"ListItem","position":2,"name":"Negozio","item":"https:\/\/www.ferraroporte.com\/negozio\/"},{"@type":"ListItem","position":3,"name":"SCHNELLER AUSL\u00d6SER"}]},{"@type":"WebSite","@id":"https:\/\/www.ferraroporte.com\/#website","url":"https:\/\/www.ferraroporte.com\/","name":"Ferraro","description":"Una porta sul futuro","potentialAction":[{"@type":"SearchAction","target":{"@type":"EntryPoint","urlTemplate":"https:\/\/www.ferraroporte.com\/?s={search_term_string}"},"query-input":{"@type":"PropertyValueSpecification","valueRequired":true,"valueName":"search_term_string"}}],"inLanguage":"de-DE"}]}},"_links":{"self":[{"href":"https:\/\/www.ferraroporte.com\/de\/wp-json\/wp\/v2\/product\/38358","targetHints":{"allow":["GET"]}}],"collection":[{"href":"https:\/\/www.ferraroporte.com\/de\/wp-json\/wp\/v2\/product"}],"about":[{"href":"https:\/\/www.ferraroporte.com\/de\/wp-json\/wp\/v2\/types\/product"}],"wp:featuredmedia":[{"embeddable":true,"href":"https:\/\/www.ferraroporte.com\/de\/wp-json\/wp\/v2\/media\/30586"}],"wp:attachment":[{"href":"https:\/\/www.ferraroporte.com\/de\/wp-json\/wp\/v2\/media?parent=38358"}],"wp:term":[{"taxonomy":"product_brand","embeddable":true,"href":"https:\/\/www.ferraroporte.com\/de\/wp-json\/wp\/v2\/product_brand?post=38358"},{"taxonomy":"product_cat","embeddable":true,"href":"https:\/\/www.ferraroporte.com\/de\/wp-json\/wp\/v2\/product_cat?post=38358"},{"taxonomy":"product_tag","embeddable":true,"href":"https:\/\/www.ferraroporte.com\/de\/wp-json\/wp\/v2\/product_tag?post=38358"}],"curies":[{"name":"wp","href":"https:\/\/api.w.org\/{rel}","templated":true}]}}